{"id":64,"date":"2025-07-03T05:18:20","date_gmt":"2025-07-03T03:18:20","guid":{"rendered":"https:\/\/www.medicalopenworld.org\/?page_id=64"},"modified":"2026-03-23T17:02:59","modified_gmt":"2026-03-23T16:02:59","slug":"dona","status":"publish","type":"page","link":"https:\/\/www.medicalopenworld.org\/en\/dona\/","title":{"rendered":"DONATE"},"content":{"rendered":"<div data-elementor-type=\"wp-page\" data-elementor-id=\"64\" class=\"elementor elementor-64\" data-elementor-post-type=\"page\">\n\t\t\t\t<div class=\"elementor-element elementor-element-14510c9 e-flex e-con-boxed e-con e-parent\" data-id=\"14510c9\" data-element_type=\"container\" data-e-type=\"container\">\n\t\t\t\t\t<div class=\"e-con-inner\">\n\t\t\t\t<div class=\"elementor-element elementor-element-db93661 elementor-widget elementor-widget-spacer\" data-id=\"db93661\" data-element_type=\"widget\" data-e-type=\"widget\" data-widget_type=\"spacer.default\">\n\t\t\t\t\t\t\t<div class=\"elementor-spacer\">\n\t\t\t<div class=\"elementor-spacer-inner\"><\/div>\n\t\t<\/div>\n\t\t\t\t\t\t<\/div>\n\t\t\t\t<div class=\"elementor-element elementor-element-7249301 elementor-widget elementor-widget-heading\" data-id=\"7249301\" data-element_type=\"widget\" data-e-type=\"widget\" data-widget_type=\"heading.default\">\n\t\t\t\t\t<h1 class=\"elementor-heading-title elementor-size-default\">DONATE<\/h1>\t\t\t\t<\/div>\n\t\t\t\t<div class=\"elementor-element elementor-element-5e1601c elementor-widget elementor-widget-heading\" data-id=\"5e1601c\" data-element_type=\"widget\" data-e-type=\"widget\" data-widget_type=\"heading.default\">\n\t\t\t\t\t<h3 class=\"elementor-heading-title elementor-size-default\">Donate today. Share. Be part of the change<\/h3>\t\t\t\t<\/div>\n\t\t\t\t<div class=\"elementor-element elementor-element-b9fa86e elementor-widget elementor-widget-text-editor\" data-id=\"b9fa86e\" data-element_type=\"widget\" data-e-type=\"widget\" data-widget_type=\"text-editor.default\">\n\t\t\t\t\t\t\t\t\t<p data-start=\"123\" data-end=\"302\" class=\"translation-block\">1.5 million babies die every year simply because they don\u2019t have an incubator.\nThey die from the cold. From being born in the wrong place.<\/p><p data-start=\"123\" data-end=\"302\"><em data-start=\"417\" data-end=\"427\">IncuNest<\/em> gives them the warmth they need.\u00a0<\/p><p data-start=\"123\" data-end=\"302\">We already have 230 incubators in 37 countries that have saved thousands of lives,\u00a0<\/p><p data-start=\"123\" data-end=\"302\">but millions more still need them.\u00a0<\/p><p data-start=\"606\" data-end=\"651\">We want to achieve in one year what took us ten!\u00a0<\/p><p data-start=\"606\" data-end=\"651\">We need your help to make it happen.<\/p><p data-start=\"606\" data-end=\"651\"><strong data-start=\"606\" data-end=\"651\">Give the gift of life!<\/strong><\/p>\t\t\t\t\t\t\t\t<\/div>\n\t\t\t\t<div class=\"elementor-element elementor-element-5e9ed77 elementor-align-center elementor-mobile-align-center elementor-invisible elementor-widget elementor-widget-button\" data-id=\"5e9ed77\" data-element_type=\"widget\" data-e-type=\"widget\" data-settings=\"{&quot;_animation&quot;:&quot;fadeInUp&quot;}\" data-widget_type=\"button.default\">\n\t\t\t\t\t\t\t\t\t\t<a class=\"elementor-button elementor-button-link elementor-size-sm elementor-animation-float\" href=\"https:\/\/www.ihelp.org.es\/causa\/ayudanos-a-salvar-vidas-apoya-la-sostenibilidad-de-medical-open-world\/\" target=\"_blank\" id=\"donate-btn\">\n\t\t\t\t\t\t<span class=\"elementor-button-content-wrapper\">\n\t\t\t\t\t\t\t\t\t<span class=\"elementor-button-text\">Make a One-Time Donation<\/span>\n\t\t\t\t\t<\/span>\n\t\t\t\t\t<\/a>\n\t\t\t\t\t\t\t\t<\/div>\n\t\t\t\t<div class=\"elementor-element elementor-element-43eb632 elementor-align-center elementor-mobile-align-center elementor-invisible elementor-widget elementor-widget-button\" data-id=\"43eb632\" data-element_type=\"widget\" data-e-type=\"widget\" data-settings=\"{&quot;_animation&quot;:&quot;fadeInUp&quot;}\" data-widget_type=\"button.default\">\n\t\t\t\t\t\t\t\t\t\t<a class=\"elementor-button elementor-button-link elementor-size-sm elementor-animation-float\" href=\"https:\/\/www.medicalopenworld.org\/en\/hazte-socio\/\" id=\"donate-btn\">\n\t\t\t\t\t\t<span class=\"elementor-button-content-wrapper\">\n\t\t\t\t\t\t\t\t\t<span class=\"elementor-button-text\">Make a Recurring Donation<\/span>\n\t\t\t\t\t<\/span>\n\t\t\t\t\t<\/a>\n\t\t\t\t\t\t\t\t<\/div>\n\t\t\t\t<div class=\"elementor-element elementor-element-271d09a elementor-widget elementor-widget-image\" data-id=\"271d09a\" data-element_type=\"widget\" data-e-type=\"widget\" data-widget_type=\"image.default\">\n\t\t\t\t\t\t\t\t\t\t\t\t\t\t\t<img fetchpriority=\"high\" decoding=\"async\" width=\"800\" height=\"564\" src=\"https:\/\/www.medicalopenworld.org\/wp-content\/uploads\/2025\/07\/foto-peace-and-love-cortada-1024x722.jpg\" class=\"attachment-large size-large wp-image-685\" alt=\"\" srcset=\"https:\/\/www.medicalopenworld.org\/wp-content\/uploads\/2025\/07\/foto-peace-and-love-cortada-1024x722.jpg 1024w, https:\/\/www.medicalopenworld.org\/wp-content\/uploads\/2025\/07\/foto-peace-and-love-cortada-300x212.jpg 300w, https:\/\/www.medicalopenworld.org\/wp-content\/uploads\/2025\/07\/foto-peace-and-love-cortada-768x542.jpg 768w, https:\/\/www.medicalopenworld.org\/wp-content\/uploads\/2025\/07\/foto-peace-and-love-cortada-1536x1083.jpg 1536w, https:\/\/www.medicalopenworld.org\/wp-content\/uploads\/2025\/07\/foto-peace-and-love-cortada-2048x1445.jpg 2048w, https:\/\/www.medicalopenworld.org\/wp-content\/uploads\/2025\/07\/foto-peace-and-love-cortada-18x12.jpg 18w\" sizes=\"(max-width: 800px) 100vw, 800px\" \/>\t\t\t\t\t\t\t\t\t\t\t\t\t\t\t<\/div>\n\t\t\t\t\t<\/div>\n\t\t\t\t<\/div>\n\t\t\t\t<\/div>","protected":false},"excerpt":{"rendered":"<p>DONA Dona hoy. Comparte. S\u00e9 parte del cambio. 1.5 millones de beb\u00e9s mueren cada a\u00f1o por no tener una incubadora.Mueren por fr\u00edo. Por nacer en el lugar equivocado.\u00a0 IncuNest les da el calor que necesitan.\u00a0 Tenemos 230 incubadoras en 37 paises que han salvado miles de vidas,\u00a0 pero la necesitan millones.\u00a0 \u00a1Queremos lograr en un [&hellip;]<\/p>\n","protected":false},"author":1,"featured_media":0,"parent":0,"menu_order":0,"comment_status":"closed","ping_status":"closed","template":"","meta":{"footnotes":""},"class_list":["post-64","page","type-page","status-publish","hentry"],"_links":{"self":[{"href":"https:\/\/www.medicalopenworld.org\/en\/wp-json\/wp\/v2\/pages\/64","targetHints":{"allow":["GET"]}}],"collection":[{"href":"https:\/\/www.medicalopenworld.org\/en\/wp-json\/wp\/v2\/pages"}],"about":[{"href":"https:\/\/www.medicalopenworld.org\/en\/wp-json\/wp\/v2\/types\/page"}],"author":[{"embeddable":true,"href":"https:\/\/www.medicalopenworld.org\/en\/wp-json\/wp\/v2\/users\/1"}],"replies":[{"embeddable":true,"href":"https:\/\/www.medicalopenworld.org\/en\/wp-json\/wp\/v2\/comments?post=64"}],"version-history":[{"count":235,"href":"https:\/\/www.medicalopenworld.org\/en\/wp-json\/wp\/v2\/pages\/64\/revisions"}],"predecessor-version":[{"id":1611,"href":"https:\/\/www.medicalopenworld.org\/en\/wp-json\/wp\/v2\/pages\/64\/revisions\/1611"}],"wp:attachment":[{"href":"https:\/\/www.medicalopenworld.org\/en\/wp-json\/wp\/v2\/media?parent=64"}],"curies":[{"name":"wp","href":"https:\/\/api.w.org\/{rel}","templated":true}]}}