{"id":39,"date":"2025-07-03T04:35:03","date_gmt":"2025-07-03T02:35:03","guid":{"rendered":"https:\/\/www.medicalopenworld.org\/?page_id=39"},"modified":"2026-03-15T12:10:02","modified_gmt":"2026-03-15T11:10:02","slug":"quienes-somos","status":"publish","type":"page","link":"https:\/\/www.medicalopenworld.org\/en\/quienes-somos\/","title":{"rendered":"QUI\u00c9NES SOMOS"},"content":{"rendered":"<div data-elementor-type=\"wp-page\" data-elementor-id=\"39\" class=\"elementor elementor-39\" data-elementor-post-type=\"page\">\n\t\t\t\t<div class=\"elementor-element elementor-element-c749f97 e-flex e-con-boxed e-con e-parent\" data-id=\"c749f97\" data-element_type=\"container\" data-e-type=\"container\">\n\t\t\t\t\t<div class=\"e-con-inner\">\n\t\t\t\t<div class=\"elementor-element elementor-element-3870c46 elementor-widget elementor-widget-spacer\" data-id=\"3870c46\" data-element_type=\"widget\" data-e-type=\"widget\" data-widget_type=\"spacer.default\">\n\t\t\t\t\t\t\t<div class=\"elementor-spacer\">\n\t\t\t<div class=\"elementor-spacer-inner\"><\/div>\n\t\t<\/div>\n\t\t\t\t\t\t<\/div>\n\t\t\t\t\t<\/div>\n\t\t\t\t<\/div>\n\t\t<div class=\"elementor-element elementor-element-2748d91 e-flex e-con-boxed e-con e-parent\" data-id=\"2748d91\" data-element_type=\"container\" data-e-type=\"container\">\n\t\t\t\t\t<div class=\"e-con-inner\">\n\t\t<div class=\"elementor-element elementor-element-b8b622e e-con-full e-flex e-con e-child\" data-id=\"b8b622e\" data-element_type=\"container\" data-e-type=\"container\">\n\t\t\t\t<div class=\"elementor-element elementor-element-9da4a11 elementor-widget elementor-widget-heading\" data-id=\"9da4a11\" data-element_type=\"widget\" data-e-type=\"widget\" data-widget_type=\"heading.default\">\n\t\t\t\t\t<h1 class=\"elementor-heading-title elementor-size-default\">Who We Are<\/h1>\t\t\t\t<\/div>\n\t\t\t\t<div class=\"elementor-element elementor-element-68d9832 elementor-widget elementor-widget-spacer\" data-id=\"68d9832\" data-element_type=\"widget\" data-e-type=\"widget\" data-widget_type=\"spacer.default\">\n\t\t\t\t\t\t\t<div class=\"elementor-spacer\">\n\t\t\t<div class=\"elementor-spacer-inner\"><\/div>\n\t\t<\/div>\n\t\t\t\t\t\t<\/div>\n\t\t\t\t<div class=\"elementor-element elementor-element-b6ed99c elementor-widget elementor-widget-text-editor\" data-id=\"b6ed99c\" data-element_type=\"widget\" data-e-type=\"widget\" data-widget_type=\"text-editor.default\">\n\t\t\t\t\t\t\t\t\t<p>We are a team of dreamers committed to equal opportunities in access to medical technology. Medical Open World is a non-profit organization that develops accessible technological solutions for the healthcare sector\u2014especially for countries and regions that lack such resources. We believe in the power of collaboration and open source innovation to save lives.<\/p><p>Our team includes engineers, doctors, volunteers, educators, and professionals from diverse fields, all united by a shared mission: bringing accessible medical technology where it\u2019s needed most. Led by Pablo S\u00e1nchez Bergasa, recipient of the Princess of Girona Foundation Social Award 2025, we work with a collaborative, professional, and deeply human approach.<\/p><p>We are also supported by hundreds of students who build our incubators at Salesianos educational centers, combining technical learning with global solidarity.<\/p>\t\t\t\t\t\t\t\t<\/div>\n\t\t\t\t<div class=\"elementor-element elementor-element-210425d elementor-widget elementor-widget-spacer\" data-id=\"210425d\" data-element_type=\"widget\" data-e-type=\"widget\" data-widget_type=\"spacer.default\">\n\t\t\t\t\t\t\t<div class=\"elementor-spacer\">\n\t\t\t<div class=\"elementor-spacer-inner\"><\/div>\n\t\t<\/div>\n\t\t\t\t\t\t<\/div>\n\t\t\t\t<\/div>\n\t\t<div class=\"elementor-element elementor-element-1f75210 e-con-full e-flex e-con e-child\" data-id=\"1f75210\" data-element_type=\"container\" data-e-type=\"container\">\n\t\t\t\t<div class=\"elementor-element elementor-element-9570c75 elementor-widget elementor-widget-image\" data-id=\"9570c75\" data-element_type=\"widget\" data-e-type=\"widget\" data-widget_type=\"image.default\">\n\t\t\t\t\t\t\t\t\t\t\t\t\t\t\t<img fetchpriority=\"high\" decoding=\"async\" width=\"652\" height=\"450\" src=\"https:\/\/www.medicalopenworld.org\/wp-content\/uploads\/2025\/07\/Pablo-y-3-inc-cortada.jpg\" class=\"attachment-large size-large wp-image-674\" alt=\"\" srcset=\"https:\/\/www.medicalopenworld.org\/wp-content\/uploads\/2025\/07\/Pablo-y-3-inc-cortada.jpg 652w, https:\/\/www.medicalopenworld.org\/wp-content\/uploads\/2025\/07\/Pablo-y-3-inc-cortada-300x207.jpg 300w, https:\/\/www.medicalopenworld.org\/wp-content\/uploads\/2025\/07\/Pablo-y-3-inc-cortada-18x12.jpg 18w\" sizes=\"(max-width: 652px) 100vw, 652px\" \/>\t\t\t\t\t\t\t\t\t\t\t\t\t\t\t<\/div>\n\t\t\t\t<\/div>\n\t\t\t\t\t<\/div>\n\t\t\t\t<\/div>\n\t\t<div class=\"elementor-element elementor-element-5887fe5 e-flex e-con-boxed e-con e-parent\" data-id=\"5887fe5\" data-element_type=\"container\" data-e-type=\"container\" data-settings=\"{&quot;background_background&quot;:&quot;classic&quot;}\">\n\t\t\t\t\t<div class=\"e-con-inner\">\n\t\t<div class=\"elementor-element elementor-element-d490a29 e-con-full e-flex e-con e-child\" data-id=\"d490a29\" data-element_type=\"container\" data-e-type=\"container\">\n\t\t\t\t<div class=\"elementor-element elementor-element-5f0d430 elementor-widget elementor-widget-spacer\" data-id=\"5f0d430\" data-element_type=\"widget\" data-e-type=\"widget\" data-widget_type=\"spacer.default\">\n\t\t\t\t\t\t\t<div class=\"elementor-spacer\">\n\t\t\t<div class=\"elementor-spacer-inner\"><\/div>\n\t\t<\/div>\n\t\t\t\t\t\t<\/div>\n\t\t\t\t<div class=\"elementor-element elementor-element-47252bc elementor-widget elementor-widget-heading\" data-id=\"47252bc\" data-element_type=\"widget\" data-e-type=\"widget\" data-widget_type=\"heading.default\">\n\t\t\t\t\t<h2 class=\"elementor-heading-title elementor-size-default\">Mission, Vision &amp; Values<\/h2>\t\t\t\t<\/div>\n\t\t\t\t<div class=\"elementor-element elementor-element-394ea7d elementor-widget elementor-widget-spacer\" data-id=\"394ea7d\" data-element_type=\"widget\" data-e-type=\"widget\" data-widget_type=\"spacer.default\">\n\t\t\t\t\t\t\t<div class=\"elementor-spacer\">\n\t\t\t<div class=\"elementor-spacer-inner\"><\/div>\n\t\t<\/div>\n\t\t\t\t\t\t<\/div>\n\t\t\t\t<\/div>\n\t\t<div class=\"elementor-element elementor-element-b91800e e-con-full e-flex e-con e-child\" data-id=\"b91800e\" data-element_type=\"container\" data-e-type=\"container\">\n\t\t<div class=\"elementor-element elementor-element-30dd975 e-con-full e-flex e-con e-child\" data-id=\"30dd975\" data-element_type=\"container\" data-e-type=\"container\" data-settings=\"{&quot;background_background&quot;:&quot;classic&quot;}\">\n\t\t\t\t<div class=\"elementor-element elementor-element-3159d72 elementor-view-default elementor-widget elementor-widget-icon\" data-id=\"3159d72\" data-element_type=\"widget\" data-e-type=\"widget\" data-widget_type=\"icon.default\">\n\t\t\t\t\t\t\t<div class=\"elementor-icon-wrapper\">\n\t\t\t<div class=\"elementor-icon\">\n\t\t\t<svg aria-hidden=\"true\" class=\"e-font-icon-svg e-fas-praying-hands\" viewbox=\"0 0 640 512\" xmlns=\"http:\/\/www.w3.org\/2000\/svg\"><path d=\"M272 191.91c-17.6 0-32 14.4-32 32v80c0 8.84-7.16 16-16 16s-16-7.16-16-16v-76.55c0-17.39 4.72-34.47 13.69-49.39l77.75-129.59c9.09-15.16 4.19-34.81-10.97-43.91-14.45-8.67-32.72-4.3-42.3 9.21-.2.23-.62.21-.79.48l-117.26 175.9C117.56 205.9 112 224.31 112 243.29v80.23l-90.12 30.04A31.974 31.974 0 0 0 0 383.91v96c0 10.82 8.52 32 32 32 2.69 0 5.41-.34 8.06-1.03l179.19-46.62C269.16 449.99 304 403.8 304 351.91v-128c0-17.6-14.4-32-32-32zm346.12 161.73L528 323.6v-80.23c0-18.98-5.56-37.39-16.12-53.23L394.62 14.25c-.18-.27-.59-.24-.79-.48-9.58-13.51-27.85-17.88-42.3-9.21-15.16 9.09-20.06 28.75-10.97 43.91l77.75 129.59c8.97 14.92 13.69 32 13.69 49.39V304c0 8.84-7.16 16-16 16s-16-7.16-16-16v-80c0-17.6-14.4-32-32-32s-32 14.4-32 32v128c0 51.89 34.84 98.08 84.75 112.34l179.19 46.62c2.66.69 5.38 1.03 8.06 1.03 23.48 0 32-21.18 32-32v-96c0-13.77-8.81-25.99-21.88-30.35z\"><\/path><\/svg>\t\t\t<\/div>\n\t\t<\/div>\n\t\t\t\t\t\t<\/div>\n\t\t\t\t<div class=\"elementor-element elementor-element-cff5c30 elementor-widget elementor-widget-heading\" data-id=\"cff5c30\" data-element_type=\"widget\" data-e-type=\"widget\" data-widget_type=\"heading.default\">\n\t\t\t\t\t<h3 class=\"elementor-heading-title elementor-size-default\">Mission:<\/h3>\t\t\t\t<\/div>\n\t\t\t\t<div class=\"elementor-element elementor-element-74a02c8 elementor-widget elementor-widget-text-editor\" data-id=\"74a02c8\" data-element_type=\"widget\" data-e-type=\"widget\" data-widget_type=\"text-editor.default\">\n\t\t\t\t\t\t\t\t\t<p>To develop and distribute accessible, high-quality medical technology to reduce neonatal mortality in low-resource countries.<\/p>\t\t\t\t\t\t\t\t<\/div>\n\t\t\t\t<\/div>\n\t\t\t\t<\/div>\n\t\t<div class=\"elementor-element elementor-element-2602218 e-con-full e-flex e-con e-child\" data-id=\"2602218\" data-element_type=\"container\" data-e-type=\"container\">\n\t\t<div class=\"elementor-element elementor-element-855959f e-con-full e-flex e-con e-child\" data-id=\"855959f\" data-element_type=\"container\" data-e-type=\"container\" data-settings=\"{&quot;background_background&quot;:&quot;classic&quot;}\">\n\t\t\t\t<div class=\"elementor-element elementor-element-e26915a elementor-view-default elementor-widget elementor-widget-icon\" data-id=\"e26915a\" data-element_type=\"widget\" data-e-type=\"widget\" data-widget_type=\"icon.default\">\n\t\t\t\t\t\t\t<div class=\"elementor-icon-wrapper\">\n\t\t\t<div class=\"elementor-icon\">\n\t\t\t<svg aria-hidden=\"true\" class=\"e-font-icon-svg e-fas-globe\" viewbox=\"0 0 496 512\" xmlns=\"http:\/\/www.w3.org\/2000\/svg\"><path d=\"M336.5 160C322 70.7 287.8 8 248 8s-74 62.7-88.5 152h177zM152 256c0 22.2 1.2 43.5 3.3 64h185.3c2.1-20.5 3.3-41.8 3.3-64s-1.2-43.5-3.3-64H155.3c-2.1 20.5-3.3 41.8-3.3 64zm324.7-96c-28.6-67.9-86.5-120.4-158-141.6 24.4 33.8 41.2 84.7 50 141.6h108zM177.2 18.4C105.8 39.6 47.8 92.1 19.3 160h108c8.7-56.9 25.5-107.8 49.9-141.6zM487.4 192H372.7c2.1 21 3.3 42.5 3.3 64s-1.2 43-3.3 64h114.6c5.5-20.5 8.6-41.8 8.6-64s-3.1-43.5-8.5-64zM120 256c0-21.5 1.2-43 3.3-64H8.6C3.2 212.5 0 233.8 0 256s3.2 43.5 8.6 64h114.6c-2-21-3.2-42.5-3.2-64zm39.5 96c14.5 89.3 48.7 152 88.5 152s74-62.7 88.5-152h-177zm159.3 141.6c71.4-21.2 129.4-73.7 158-141.6h-108c-8.8 56.9-25.6 107.8-50 141.6zM19.3 352c28.6 67.9 86.5 120.4 158 141.6-24.4-33.8-41.2-84.7-50-141.6h-108z\"><\/path><\/svg>\t\t\t<\/div>\n\t\t<\/div>\n\t\t\t\t\t\t<\/div>\n\t\t\t\t<div class=\"elementor-element elementor-element-f546787 elementor-widget elementor-widget-heading\" data-id=\"f546787\" data-element_type=\"widget\" data-e-type=\"widget\" data-widget_type=\"heading.default\">\n\t\t\t\t\t<h3 class=\"elementor-heading-title elementor-size-default\">Vision:<\/h3>\t\t\t\t<\/div>\n\t\t\t\t<div class=\"elementor-element elementor-element-1531704 elementor-widget elementor-widget-text-editor\" data-id=\"1531704\" data-element_type=\"widget\" data-e-type=\"widget\" data-widget_type=\"text-editor.default\">\n\t\t\t\t\t\t\t\t\t<p>A world where every premature baby has access to an incubator\u2014no matter where they are born.<\/p>\t\t\t\t\t\t\t\t<\/div>\n\t\t\t\t<\/div>\n\t\t\t\t<\/div>\n\t\t<div class=\"elementor-element elementor-element-b3d19c6 e-con-full e-flex e-con e-child\" data-id=\"b3d19c6\" data-element_type=\"container\" data-e-type=\"container\">\n\t\t<div class=\"elementor-element elementor-element-eb66e55 e-con-full e-flex e-con e-child\" data-id=\"eb66e55\" data-element_type=\"container\" data-e-type=\"container\" data-settings=\"{&quot;background_background&quot;:&quot;classic&quot;}\">\n\t\t\t\t<div class=\"elementor-element elementor-element-1af2900 elementor-view-default elementor-widget elementor-widget-icon\" data-id=\"1af2900\" data-element_type=\"widget\" data-e-type=\"widget\" data-widget_type=\"icon.default\">\n\t\t\t\t\t\t\t<div class=\"elementor-icon-wrapper\">\n\t\t\t<div class=\"elementor-icon\">\n\t\t\t<svg aria-hidden=\"true\" class=\"e-font-icon-svg e-fas-users\" viewbox=\"0 0 640 512\" xmlns=\"http:\/\/www.w3.org\/2000\/svg\"><path d=\"M96 224c35.3 0 64-28.7 64-64s-28.7-64-64-64-64 28.7-64 64 28.7 64 64 64zm448 0c35.3 0 64-28.7 64-64s-28.7-64-64-64-64 28.7-64 64 28.7 64 64 64zm32 32h-64c-17.6 0-33.5 7.1-45.1 18.6 40.3 22.1 68.9 62 75.1 109.4h66c17.7 0 32-14.3 32-32v-32c0-35.3-28.7-64-64-64zm-256 0c61.9 0 112-50.1 112-112S381.9 32 320 32 208 82.1 208 144s50.1 112 112 112zm76.8 32h-8.3c-20.8 10-43.9 16-68.5 16s-47.6-6-68.5-16h-8.3C179.6 288 128 339.6 128 403.2V432c0 26.5 21.5 48 48 48h288c26.5 0 48-21.5 48-48v-28.8c0-63.6-51.6-115.2-115.2-115.2zm-223.7-13.4C161.5 263.1 145.6 256 128 256H64c-35.3 0-64 28.7-64 64v32c0 17.7 14.3 32 32 32h65.9c6.3-47.4 34.9-87.3 75.2-109.4z\"><\/path><\/svg>\t\t\t<\/div>\n\t\t<\/div>\n\t\t\t\t\t\t<\/div>\n\t\t\t\t<div class=\"elementor-element elementor-element-a2ac7b0 elementor-widget__width-initial elementor-widget elementor-widget-heading\" data-id=\"a2ac7b0\" data-element_type=\"widget\" data-e-type=\"widget\" data-widget_type=\"heading.default\">\n\t\t\t\t\t<h3 class=\"elementor-heading-title elementor-size-default\">Values:<\/h3>\t\t\t\t<\/div>\n\t\t\t\t<div class=\"elementor-element elementor-element-6a1946f elementor-widget elementor-widget-text-editor\" data-id=\"6a1946f\" data-element_type=\"widget\" data-e-type=\"widget\" data-widget_type=\"text-editor.default\">\n\t\t\t\t\t\t\t\t\t<p class=\"translation-block\">Human Dignity: Every life matters.<\/p><p class=\"translation-block\">Open Innovation: We share our knowledge to multiply impact.<\/p><p class=\"translation-block\">Global Solidarity: We build connections across people, countries, and knowledge.<\/p><p class=\"translation-block\">Transparency &amp; Commitment: We work with responsibility, openness, and technical rigor.<\/p>\t\t\t\t\t\t\t\t<\/div>\n\t\t\t\t<\/div>\n\t\t\t\t<div class=\"elementor-element elementor-element-d05e7a8 elementor-widget elementor-widget-spacer\" data-id=\"d05e7a8\" data-element_type=\"widget\" data-e-type=\"widget\" data-widget_type=\"spacer.default\">\n\t\t\t\t\t\t\t<div class=\"elementor-spacer\">\n\t\t\t<div class=\"elementor-spacer-inner\"><\/div>\n\t\t<\/div>\n\t\t\t\t\t\t<\/div>\n\t\t\t\t<\/div>\n\t\t\t\t\t<\/div>\n\t\t\t\t<\/div>\n\t\t<div class=\"elementor-element elementor-element-d50fba3 e-flex e-con-boxed e-con e-parent\" data-id=\"d50fba3\" data-element_type=\"container\" data-e-type=\"container\" data-settings=\"{&quot;background_background&quot;:&quot;classic&quot;}\">\n\t\t\t\t\t<div class=\"e-con-inner\">\n\t\t<div class=\"elementor-element elementor-element-97d3425 e-con-full e-flex e-con e-child\" data-id=\"97d3425\" data-element_type=\"container\" data-e-type=\"container\">\n\t\t\t\t<div class=\"elementor-element elementor-element-5db5108 elementor-widget elementor-widget-spacer\" data-id=\"5db5108\" data-element_type=\"widget\" data-e-type=\"widget\" data-widget_type=\"spacer.default\">\n\t\t\t\t\t\t\t<div class=\"elementor-spacer\">\n\t\t\t<div class=\"elementor-spacer-inner\"><\/div>\n\t\t<\/div>\n\t\t\t\t\t\t<\/div>\n\t\t\t\t<div class=\"elementor-element elementor-element-76f7edd elementor-widget elementor-widget-heading\" data-id=\"76f7edd\" data-element_type=\"widget\" data-e-type=\"widget\" data-widget_type=\"heading.default\">\n\t\t\t\t\t<h2 class=\"elementor-heading-title elementor-size-default\">Our Story<\/h2>\t\t\t\t<\/div>\n\t\t\t\t<div class=\"elementor-element elementor-element-b411939 elementor-widget elementor-widget-text-editor\" data-id=\"b411939\" data-element_type=\"widget\" data-e-type=\"widget\" data-widget_type=\"text-editor.default\">\n\t\t\t\t\t\t\t\t\t<p>Medical Open World was born in response to an urgent need: to prevent the deaths of 1.5 million babies each year from preventable causes.<\/p><p>In 2014, Alejandro Escario, then an engineering student in Madrid, designed an accessible neonatal incubator as his final degree project. His invention\u2014created specifically for low-resource countries\u2014later received international recognition, including an award from MIT. He released the design as open-source technology, so it could be freely replicated and adapted worldwide.<\/p><p>In 2017, Pablo S\u00e1nchez Bergasa joined the project, bringing a renewed vision and strong social commitment. In 2019, Pablo founded the organization Medicina Abierta al Mundo (now Medical Open World) to scale up the production and distribution of the IncuNest incubator (formerly known as In3ator). <br \/>Since then, and thanks to partnerships with Salesianos, Ayuda Contenedores, and over 60 NGOs, we have delivered more than 200 incubators to 30 countries in just five years.<\/p><p>Today, we are a growing organization with a dedicated professional team and a clear vision: No premature baby should die for lack of an incubator. We embrace the challenge of expanding the reach of our accessible incubators and multiplying their impact\u2014to help end a preventable tragedy.<\/p>\t\t\t\t\t\t\t\t<\/div>\n\t\t\t\t<\/div>\n\t\t<div class=\"elementor-element elementor-element-8a077b9 e-con-full e-flex e-con e-child\" data-id=\"8a077b9\" data-element_type=\"container\" data-e-type=\"container\">\n\t\t\t\t<div class=\"elementor-element elementor-element-c34de04 elementor-widget elementor-widget-image\" data-id=\"c34de04\" data-element_type=\"widget\" data-e-type=\"widget\" data-widget_type=\"image.default\">\n\t\t\t\t\t\t\t\t\t\t\t\t\t\t\t<img decoding=\"async\" width=\"769\" height=\"1024\" src=\"https:\/\/www.medicalopenworld.org\/wp-content\/uploads\/2025\/07\/IMG20250331170307-769x1024.jpg\" class=\"attachment-large size-large wp-image-333\" alt=\"\" srcset=\"https:\/\/www.medicalopenworld.org\/wp-content\/uploads\/2025\/07\/IMG20250331170307-769x1024.jpg 769w, https:\/\/www.medicalopenworld.org\/wp-content\/uploads\/2025\/07\/IMG20250331170307-225x300.jpg 225w, https:\/\/www.medicalopenworld.org\/wp-content\/uploads\/2025\/07\/IMG20250331170307-768x1022.jpg 768w, https:\/\/www.medicalopenworld.org\/wp-content\/uploads\/2025\/07\/IMG20250331170307-1154x1536.jpg 1154w, https:\/\/www.medicalopenworld.org\/wp-content\/uploads\/2025\/07\/IMG20250331170307-1539x2048.jpg 1539w, https:\/\/www.medicalopenworld.org\/wp-content\/uploads\/2025\/07\/IMG20250331170307-scaled.jpg 1923w\" sizes=\"(max-width: 769px) 100vw, 769px\" \/>\t\t\t\t\t\t\t\t\t\t\t\t\t\t\t<\/div>\n\t\t\t\t<\/div>\n\t\t\t\t\t<\/div>\n\t\t\t\t<\/div>\n\t\t<div class=\"elementor-element elementor-element-e18ae3e e-flex e-con-boxed e-con e-parent\" data-id=\"e18ae3e\" data-element_type=\"container\" data-e-type=\"container\">\n\t\t\t\t\t<div class=\"e-con-inner\">\n\t\t\t\t<div class=\"elementor-element elementor-element-58b494c elementor-widget elementor-widget-spacer\" data-id=\"58b494c\" data-element_type=\"widget\" data-e-type=\"widget\" data-widget_type=\"spacer.default\">\n\t\t\t\t\t\t\t<div class=\"elementor-spacer\">\n\t\t\t<div class=\"elementor-spacer-inner\"><\/div>\n\t\t<\/div>\n\t\t\t\t\t\t<\/div>\n\t\t\t\t<div class=\"elementor-element elementor-element-3e3659e elementor-widget elementor-widget-heading\" data-id=\"3e3659e\" data-element_type=\"widget\" data-e-type=\"widget\" data-widget_type=\"heading.default\">\n\t\t\t\t\t<h2 class=\"elementor-heading-title elementor-size-default\">Awards &amp; Recognition<\/h2>\t\t\t\t<\/div>\n\t\t<div class=\"elementor-element elementor-element-c0c8589 e-grid e-con-full e-con e-child\" data-id=\"c0c8589\" data-element_type=\"container\" data-e-type=\"container\">\n\t\t\t\t<div class=\"elementor-element elementor-element-38da87e elementor-position-top elementor-widget elementor-widget-image-box\" data-id=\"38da87e\" data-element_type=\"widget\" data-e-type=\"widget\" data-widget_type=\"image-box.default\">\n\t\t\t\t\t<div class=\"elementor-image-box-wrapper\"><figure class=\"elementor-image-box-img\"><img decoding=\"async\" width=\"600\" height=\"400\" src=\"https:\/\/www.medicalopenworld.org\/wp-content\/uploads\/2025\/07\/Foto-Pablo-y-el-Rey-Felipe.jpg\" class=\"attachment-full size-full wp-image-698\" alt=\"\" srcset=\"https:\/\/www.medicalopenworld.org\/wp-content\/uploads\/2025\/07\/Foto-Pablo-y-el-Rey-Felipe.jpg 600w, https:\/\/www.medicalopenworld.org\/wp-content\/uploads\/2025\/07\/Foto-Pablo-y-el-Rey-Felipe-300x200.jpg 300w, https:\/\/www.medicalopenworld.org\/wp-content\/uploads\/2025\/07\/Foto-Pablo-y-el-Rey-Felipe-18x12.jpg 18w\" sizes=\"(max-width: 600px) 100vw, 600px\" \/><\/figure><div class=\"elementor-image-box-content\"><h3 class=\"elementor-image-box-title\">Princess of Girona Foundation Social Award \u2013 2025<\/h3><\/div><\/div>\t\t\t\t<\/div>\n\t\t\t\t<div class=\"elementor-element elementor-element-a8d27ec elementor-position-top elementor-widget elementor-widget-image-box\" data-id=\"a8d27ec\" data-element_type=\"widget\" data-e-type=\"widget\" data-widget_type=\"image-box.default\">\n\t\t\t\t\t<div class=\"elementor-image-box-wrapper\"><figure class=\"elementor-image-box-img\"><img loading=\"lazy\" decoding=\"async\" width=\"826\" height=\"559\" src=\"https:\/\/www.medicalopenworld.org\/wp-content\/uploads\/2025\/07\/premio-empresa-social-cortado-2.jpg\" class=\"attachment-full size-full wp-image-736\" alt=\"\" srcset=\"https:\/\/www.medicalopenworld.org\/wp-content\/uploads\/2025\/07\/premio-empresa-social-cortado-2.jpg 826w, https:\/\/www.medicalopenworld.org\/wp-content\/uploads\/2025\/07\/premio-empresa-social-cortado-2-300x203.jpg 300w, https:\/\/www.medicalopenworld.org\/wp-content\/uploads\/2025\/07\/premio-empresa-social-cortado-2-768x520.jpg 768w, https:\/\/www.medicalopenworld.org\/wp-content\/uploads\/2025\/07\/premio-empresa-social-cortado-2-18x12.jpg 18w\" sizes=\"(max-width: 826px) 100vw, 826px\" \/><\/figure><div class=\"elementor-image-box-content\"><h3 class=\"elementor-image-box-title\">Social Enterprise Award \u2013 2025<\/h3><\/div><\/div>\t\t\t\t<\/div>\n\t\t\t\t<div class=\"elementor-element elementor-element-34d2001 elementor-position-top elementor-widget elementor-widget-image-box\" data-id=\"34d2001\" data-element_type=\"widget\" data-e-type=\"widget\" data-widget_type=\"image-box.default\">\n\t\t\t\t\t<div class=\"elementor-image-box-wrapper\"><figure class=\"elementor-image-box-img\"><img loading=\"lazy\" decoding=\"async\" width=\"524\" height=\"352\" src=\"https:\/\/www.medicalopenworld.org\/wp-content\/uploads\/2025\/07\/alejandro-2.jpg\" class=\"attachment-full size-full wp-image-737\" alt=\"\" srcset=\"https:\/\/www.medicalopenworld.org\/wp-content\/uploads\/2025\/07\/alejandro-2.jpg 524w, https:\/\/www.medicalopenworld.org\/wp-content\/uploads\/2025\/07\/alejandro-2-300x202.jpg 300w, https:\/\/www.medicalopenworld.org\/wp-content\/uploads\/2025\/07\/alejandro-2-18x12.jpg 18w\" sizes=\"(max-width: 524px) 100vw, 524px\" \/><\/figure><div class=\"elementor-image-box-content\"><h3 class=\"elementor-image-box-title\">Best Medical Project \u2013 MIT Global Fab Awards<\/h3><\/div><\/div>\t\t\t\t<\/div>\n\t\t\t\t<div class=\"elementor-element elementor-element-473fb3b elementor-position-top elementor-widget elementor-widget-image-box\" data-id=\"473fb3b\" data-element_type=\"widget\" data-e-type=\"widget\" data-widget_type=\"image-box.default\">\n\t\t\t\t\t<div class=\"elementor-image-box-wrapper\"><figure class=\"elementor-image-box-img\"><img loading=\"lazy\" decoding=\"async\" width=\"1600\" height=\"1066\" src=\"https:\/\/www.medicalopenworld.org\/wp-content\/uploads\/2025\/07\/WhatsApp-Image-2025-07-08-at-3.10.00-PM.jpeg\" class=\"attachment-full size-full wp-image-732\" alt=\"\" srcset=\"https:\/\/www.medicalopenworld.org\/wp-content\/uploads\/2025\/07\/WhatsApp-Image-2025-07-08-at-3.10.00-PM.jpeg 1600w, https:\/\/www.medicalopenworld.org\/wp-content\/uploads\/2025\/07\/WhatsApp-Image-2025-07-08-at-3.10.00-PM-300x200.jpeg 300w, https:\/\/www.medicalopenworld.org\/wp-content\/uploads\/2025\/07\/WhatsApp-Image-2025-07-08-at-3.10.00-PM-1024x682.jpeg 1024w, https:\/\/www.medicalopenworld.org\/wp-content\/uploads\/2025\/07\/WhatsApp-Image-2025-07-08-at-3.10.00-PM-768x512.jpeg 768w, https:\/\/www.medicalopenworld.org\/wp-content\/uploads\/2025\/07\/WhatsApp-Image-2025-07-08-at-3.10.00-PM-1536x1023.jpeg 1536w, https:\/\/www.medicalopenworld.org\/wp-content\/uploads\/2025\/07\/WhatsApp-Image-2025-07-08-at-3.10.00-PM-18x12.jpeg 18w\" sizes=\"(max-width: 1600px) 100vw, 1600px\" \/><\/figure><div class=\"elementor-image-box-content\"><h3 class=\"elementor-image-box-title\">Invited to Stanford\u2019s Medicine X<\/h3><\/div><\/div>\t\t\t\t<\/div>\n\t\t\t\t<\/div>\n\t\t\t\t<div class=\"elementor-element elementor-element-6a17bbe elementor-widget elementor-widget-text-editor\" data-id=\"6a17bbe\" data-element_type=\"widget\" data-e-type=\"widget\" data-widget_type=\"text-editor.default\">\n\t\t\t\t\t\t\t\t\t<p>These recognitions are not an end in themselves, but a sign that the world needs\u2014and values\u2014solutions like IncuNest: accessible, human-centered, and replicable.<\/p>\t\t\t\t\t\t\t\t<\/div>\n\t\t\t\t\t<\/div>\n\t\t\t\t<\/div>\n\t\t\t\t<\/div>","protected":false},"excerpt":{"rendered":"<p>Quienes somos Somos un equipo de so\u00f1adores comprometidos con la igualdad de oportunidades en el acceso a la tecnolog\u00eda m\u00e9dica. Medical Open World es una organizaci\u00f3n sin \u00e1nimo de lucro que impulsa soluciones tecnol\u00f3gicas accesibles para el sector sanitario. Estas soluciones esta\u0301n dirigidas a aquellos pai\u0301ses y regiones que no cuentan con este tipo de [&hellip;]<\/p>\n","protected":false},"author":1,"featured_media":0,"parent":0,"menu_order":0,"comment_status":"closed","ping_status":"closed","template":"","meta":{"footnotes":""},"class_list":["post-39","page","type-page","status-publish","hentry"],"_links":{"self":[{"href":"https:\/\/www.medicalopenworld.org\/en\/wp-json\/wp\/v2\/pages\/39","targetHints":{"allow":["GET"]}}],"collection":[{"href":"https:\/\/www.medicalopenworld.org\/en\/wp-json\/wp\/v2\/pages"}],"about":[{"href":"https:\/\/www.medicalopenworld.org\/en\/wp-json\/wp\/v2\/types\/page"}],"author":[{"embeddable":true,"href":"https:\/\/www.medicalopenworld.org\/en\/wp-json\/wp\/v2\/users\/1"}],"replies":[{"embeddable":true,"href":"https:\/\/www.medicalopenworld.org\/en\/wp-json\/wp\/v2\/comments?post=39"}],"version-history":[{"count":47,"href":"https:\/\/www.medicalopenworld.org\/en\/wp-json\/wp\/v2\/pages\/39\/revisions"}],"predecessor-version":[{"id":1570,"href":"https:\/\/www.medicalopenworld.org\/en\/wp-json\/wp\/v2\/pages\/39\/revisions\/1570"}],"wp:attachment":[{"href":"https:\/\/www.medicalopenworld.org\/en\/wp-json\/wp\/v2\/media?parent=39"}],"curies":[{"name":"wp","href":"https:\/\/api.w.org\/{rel}","templated":true}]}}