{"id":1173,"date":"2025-09-25T10:39:26","date_gmt":"2025-09-25T08:39:26","guid":{"rendered":"https:\/\/www.medicalopenworld.org\/?page_id=1173"},"modified":"2025-12-03T10:54:03","modified_gmt":"2025-12-03T09:54:03","slug":"tutoriales","status":"publish","type":"page","link":"https:\/\/www.medicalopenworld.org\/en\/tutoriales\/","title":{"rendered":"TUTORIALES"},"content":{"rendered":"<div data-elementor-type=\"wp-page\" data-elementor-id=\"1173\" class=\"elementor elementor-1173\" data-elementor-post-type=\"page\">\n\t\t\t\t<div class=\"elementor-element elementor-element-1ea19f0 e-flex e-con-boxed e-con e-parent\" data-id=\"1ea19f0\" data-element_type=\"container\" data-e-type=\"container\" data-settings=\"{&quot;background_background&quot;:&quot;classic&quot;}\">\n\t\t\t\t\t<div class=\"e-con-inner\">\n\t\t<div class=\"elementor-element elementor-element-a59d594 e-con-full e-flex e-con e-child\" data-id=\"a59d594\" data-element_type=\"container\" data-e-type=\"container\">\n\t\t\t\t<div class=\"elementor-element elementor-element-f3b2962 elementor-widget elementor-widget-image\" data-id=\"f3b2962\" data-element_type=\"widget\" data-e-type=\"widget\" data-widget_type=\"image.default\">\n\t\t\t\t\t\t\t\t\t\t\t\t\t\t\t<img fetchpriority=\"high\" decoding=\"async\" width=\"765\" height=\"731\" src=\"https:\/\/www.medicalopenworld.org\/wp-content\/uploads\/2025\/09\/enfermeros-1.jpg\" class=\"attachment-large size-large wp-image-1179\" alt=\"\" srcset=\"https:\/\/www.medicalopenworld.org\/wp-content\/uploads\/2025\/09\/enfermeros-1.jpg 765w, https:\/\/www.medicalopenworld.org\/wp-content\/uploads\/2025\/09\/enfermeros-1-300x287.jpg 300w, https:\/\/www.medicalopenworld.org\/wp-content\/uploads\/2025\/09\/enfermeros-1-13x12.jpg 13w\" sizes=\"(max-width: 765px) 100vw, 765px\" \/>\t\t\t\t\t\t\t\t\t\t\t\t\t\t\t<\/div>\n\t\t\t\t<\/div>\n\t\t<div class=\"elementor-element elementor-element-1ae0e14 e-con-full e-flex e-con e-child\" data-id=\"1ae0e14\" data-element_type=\"container\" data-e-type=\"container\">\n\t\t\t\t<div class=\"elementor-element elementor-element-99da3d9 elementor-widget elementor-widget-heading\" data-id=\"99da3d9\" data-element_type=\"widget\" data-e-type=\"widget\" data-widget_type=\"heading.default\">\n\t\t\t\t\t<h2 class=\"elementor-heading-title elementor-size-default\">TUTORIALES<\/h2>\t\t\t\t<\/div>\n\t\t\t\t<div class=\"elementor-element elementor-element-a797373 elementor-widget elementor-widget-text-editor\" data-id=\"a797373\" data-element_type=\"widget\" data-e-type=\"widget\" data-widget_type=\"text-editor.default\">\n\t\t\t\t\t\t\t\t\t<p data-start=\"173\" data-end=\"337\">\u00a1Bienvenidos!\u00a0<\/p><p data-start=\"173\" data-end=\"337\">Hemos construido esta p\u00e1gina para ayudarte a sacar el mayor provecho de IncuNest, nuestra incubadora neonatal de bajo costo.<\/p><p data-start=\"339\" data-end=\"601\">Aqu\u00ed encontrar\u00e1s tutoriales, videos y gu\u00edas pr\u00e1cticas que te acompa\u00f1ar\u00e1n paso a paso en el montaje, uso, mantenimiento y aprovechamiento de nuestra incubadora.<\/p><p data-start=\"339\" data-end=\"601\">Queremos que te sientas acompa\u00f1ado en todo momento, ya seas profesional de la salud, tecnico, voluntario o padre.<\/p><p data-start=\"603\" data-end=\"750\">Y recuerda: si tienes cualquier duda o necesitas apoyo, puedes ponerte en contacto directo con nosotros escribiendo a <strong data-start=\"721\" data-end=\"747\"><a class=\"decorated-link cursor-pointer\" rel=\"noopener\" data-start=\"723\" data-end=\"745\">contact@medicalopenworld.org<\/a><\/strong><\/p>\t\t\t\t\t\t\t\t<\/div>\n\t\t\t\t<\/div>\n\t\t\t\t\t<\/div>\n\t\t\t\t<\/div>\n\t\t<div class=\"elementor-element elementor-element-eec7780 e-flex e-con-boxed e-con e-parent\" data-id=\"eec7780\" data-element_type=\"container\" data-e-type=\"container\">\n\t\t\t\t\t<div class=\"e-con-inner\">\n\t\t\t\t\t<\/div>\n\t\t\t\t<\/div>\n\t\t<div class=\"elementor-element elementor-element-47585f1 e-flex e-con-boxed e-con e-parent\" data-id=\"47585f1\" data-element_type=\"container\" data-e-type=\"container\">\n\t\t\t\t\t<div class=\"e-con-inner\">\n\t\t<div class=\"elementor-element elementor-element-661165d e-con-full e-flex e-con e-child\" data-id=\"661165d\" data-element_type=\"container\" data-e-type=\"container\">\n\t\t\t\t<div class=\"elementor-element elementor-element-61b9684 elementor-widget elementor-widget-heading\" data-id=\"61b9684\" data-element_type=\"widget\" data-e-type=\"widget\" data-widget_type=\"heading.default\">\n\t\t\t\t\t<h2 class=\"elementor-heading-title elementor-size-default\">TUTORIALS<\/h2>\t\t\t\t<\/div>\n\t\t\t\t<div class=\"elementor-element elementor-element-7c0d5ac elementor-widget elementor-widget-text-editor\" data-id=\"7c0d5ac\" data-element_type=\"widget\" data-e-type=\"widget\" data-widget_type=\"text-editor.default\">\n\t\t\t\t\t\t\t\t\t<p data-start=\"101\" data-end=\"204\">Welcome!<\/p><p data-start=\"101\" data-end=\"204\">We have built this page to help you make the most of IncuNest, our low-cost neonatal incubator.<\/p><p data-start=\"206\" data-end=\"375\">Here you\u2019ll find tutorials, videos, and practical guides that will walk you step by step through the assembly, use, maintenance, and optimization of our incubator.<\/p><p data-start=\"377\" data-end=\"506\">We want you to feel supported at every moment \u2014 whether you\u2019re a healthcare professional, technician, volunteer, or parent.<\/p><p data-start=\"508\" data-end=\"633\">And remember: if you have any questions or need assistance, you can reach us directly at <strong data-start=\"597\" data-end=\"630\"><a class=\"decorated-link cursor-pointer\" rel=\"noopener\" data-start=\"599\" data-end=\"628\">contact@medicalopenworld.org<\/a><\/strong>.<\/p>\t\t\t\t\t\t\t\t<\/div>\n\t\t\t\t<\/div>\n\t\t<div class=\"elementor-element elementor-element-fb9799b e-con-full e-flex e-con e-child\" data-id=\"fb9799b\" data-element_type=\"container\" data-e-type=\"container\">\n\t\t\t\t<div class=\"elementor-element elementor-element-1f936c4 elementor-widget elementor-widget-image\" data-id=\"1f936c4\" data-element_type=\"widget\" data-e-type=\"widget\" data-widget_type=\"image.default\">\n\t\t\t\t\t\t\t\t\t\t\t\t\t\t\t<img decoding=\"async\" width=\"800\" height=\"600\" src=\"https:\/\/www.medicalopenworld.org\/wp-content\/uploads\/2025\/07\/WhatsApp-Image-2023-02-26-at-22.38.02-2.jpeg\" class=\"attachment-large size-large wp-image-253\" alt=\"\" srcset=\"https:\/\/www.medicalopenworld.org\/wp-content\/uploads\/2025\/07\/WhatsApp-Image-2023-02-26-at-22.38.02-2.jpeg 1024w, https:\/\/www.medicalopenworld.org\/wp-content\/uploads\/2025\/07\/WhatsApp-Image-2023-02-26-at-22.38.02-2-300x225.jpeg 300w, https:\/\/www.medicalopenworld.org\/wp-content\/uploads\/2025\/07\/WhatsApp-Image-2023-02-26-at-22.38.02-2-768x576.jpeg 768w\" sizes=\"(max-width: 800px) 100vw, 800px\" \/>\t\t\t\t\t\t\t\t\t\t\t\t\t\t\t<\/div>\n\t\t\t\t<\/div>\n\t\t\t\t\t<\/div>\n\t\t\t\t<\/div>\n\t\t<div class=\"elementor-element elementor-element-e8b75b4 e-flex e-con-boxed e-con e-parent\" data-id=\"e8b75b4\" data-element_type=\"container\" data-e-type=\"container\" data-settings=\"{&quot;background_background&quot;:&quot;classic&quot;}\">\n\t\t\t\t\t<div class=\"e-con-inner\">\n\t\t<div class=\"elementor-element elementor-element-ba1cc6f e-con-full e-flex e-con e-child\" data-id=\"ba1cc6f\" data-element_type=\"container\" data-e-type=\"container\">\n\t\t\t\t<\/div>\n\t\t<div class=\"elementor-element elementor-element-9d4cdd4 e-con-full e-flex e-con e-child\" data-id=\"9d4cdd4\" data-element_type=\"container\" data-e-type=\"container\">\n\t\t<div class=\"elementor-element elementor-element-d4b3242 e-con-full e-flex e-con e-child\" data-id=\"d4b3242\" data-element_type=\"container\" data-e-type=\"container\">\n\t\t<div class=\"elementor-element elementor-element-3f8664d e-con-full e-flex e-con e-child\" data-id=\"3f8664d\" data-element_type=\"container\" data-e-type=\"container\">\n\t\t\t\t<\/div>\n\t\t\t\t<\/div>\n\t\t\t\t<\/div>\n\t\t\t\t\t<\/div>\n\t\t\t\t<\/div>\n\t\t<div class=\"elementor-element elementor-element-7ef03f9 e-flex e-con-boxed e-con e-parent\" data-id=\"7ef03f9\" data-element_type=\"container\" data-e-type=\"container\" data-settings=\"{&quot;background_background&quot;:&quot;classic&quot;}\">\n\t\t\t\t\t<div class=\"e-con-inner\">\n\t\t<div class=\"elementor-element elementor-element-ea3cb07 e-con-full e-flex e-con e-child\" data-id=\"ea3cb07\" data-element_type=\"container\" data-e-type=\"container\">\n\t\t<div class=\"elementor-element elementor-element-adea6bf e-con-full e-flex e-con e-child\" data-id=\"adea6bf\" data-element_type=\"container\" data-e-type=\"container\">\n\t\t\t\t<div class=\"elementor-element elementor-element-1c7e56c elementor-widget-tablet__width-initial elementor-widget elementor-widget-button\" data-id=\"1c7e56c\" data-element_type=\"widget\" data-e-type=\"widget\" data-widget_type=\"button.default\">\n\t\t\t\t\t\t\t\t\t\t<a class=\"elementor-button elementor-button-link elementor-size-sm\" href=\"https:\/\/drive.google.com\/drive\/u\/2\/folders\/1obnR0OtrUiKPZplrNRsCoZADFRjQwCqF\">\n\t\t\t\t\t\t<span class=\"elementor-button-content-wrapper\">\n\t\t\t\t\t\t\t\t\t<span class=\"elementor-button-text\">VIDEOS IN ENGLISH <\/span>\n\t\t\t\t\t<\/span>\n\t\t\t\t\t<\/a>\n\t\t\t\t\t\t\t\t<\/div>\n\t\t\t\t<div class=\"elementor-element elementor-element-0307e6a elementor-widget elementor-widget-button\" data-id=\"0307e6a\" data-element_type=\"widget\" data-e-type=\"widget\" data-widget_type=\"button.default\">\n\t\t\t\t\t\t\t\t\t\t<a class=\"elementor-button elementor-button-link elementor-size-sm\" href=\"https:\/\/drive.google.com\/drive\/u\/2\/folders\/1wdGy_2zg3tRsMczNUYl9fOpqEJ5xjPeR\">\n\t\t\t\t\t\t<span class=\"elementor-button-content-wrapper\">\n\t\t\t\t\t\t\t\t\t<span class=\"elementor-button-text\">VIDEOS EN ESPA\u00d1OL<\/span>\n\t\t\t\t\t<\/span>\n\t\t\t\t\t<\/a>\n\t\t\t\t\t\t\t\t<\/div>\n\t\t\t\t<div class=\"elementor-element elementor-element-50654d7 elementor-widget elementor-widget-button\" data-id=\"50654d7\" data-element_type=\"widget\" data-e-type=\"widget\" data-widget_type=\"button.default\">\n\t\t\t\t\t\t\t\t\t\t<a class=\"elementor-button elementor-button-link elementor-size-sm\" href=\"https:\/\/drive.google.com\/drive\/u\/2\/folders\/1R4g5nbzHofYH6w8nbbTxNSq7RxpTs2HB\">\n\t\t\t\t\t\t<span class=\"elementor-button-content-wrapper\">\n\t\t\t\t\t\t\t\t\t<span class=\"elementor-button-text\">V\u00cdDEOS EM PORTUGU\u00caS<\/span>\n\t\t\t\t\t<\/span>\n\t\t\t\t\t<\/a>\n\t\t\t\t\t\t\t\t<\/div>\n\t\t\t\t<div class=\"elementor-element elementor-element-a251eeb elementor-widget elementor-widget-button\" data-id=\"a251eeb\" data-element_type=\"widget\" data-e-type=\"widget\" data-widget_type=\"button.default\">\n\t\t\t\t\t\t\t\t\t\t<a class=\"elementor-button elementor-button-link elementor-size-sm\" href=\"https:\/\/drive.google.com\/drive\/u\/2\/folders\/1d65S-3WM26jOagRFgjJX6yZP4_ScFolf\">\n\t\t\t\t\t\t<span class=\"elementor-button-content-wrapper\">\n\t\t\t\t\t\t\t\t\t<span class=\"elementor-button-text\">VID\u00c9OS EN FRAN\u00c7AIS<\/span>\n\t\t\t\t\t<\/span>\n\t\t\t\t\t<\/a>\n\t\t\t\t\t\t\t\t<\/div>\n\t\t\t\t<\/div>\n\t\t\t\t<\/div>\n\t\t<div class=\"elementor-element elementor-element-f8764bc e-con-full e-flex e-con e-child\" data-id=\"f8764bc\" data-element_type=\"container\" data-e-type=\"container\">\n\t\t<div class=\"elementor-element elementor-element-55ac88d e-con-full e-flex e-con e-child\" data-id=\"55ac88d\" data-element_type=\"container\" data-e-type=\"container\">\n\t\t\t\t<\/div>\n\t\t\t\t<\/div>\n\t\t\t\t\t<\/div>\n\t\t\t\t<\/div>\n\t\t\t\t<\/div>","protected":false},"excerpt":{"rendered":"<p>TUTORIALES \u00a1Bienvenidos!\u00a0 Hemos construido esta p\u00e1gina para ayudarte a sacar el mayor provecho de IncuNest, nuestra incubadora neonatal de bajo costo. Aqu\u00ed encontrar\u00e1s tutoriales, videos y gu\u00edas pr\u00e1cticas que te acompa\u00f1ar\u00e1n paso a paso en el montaje, uso, mantenimiento y aprovechamiento de nuestra incubadora. Queremos que te sientas acompa\u00f1ado en todo momento, ya seas profesional [&hellip;]<\/p>\n","protected":false},"author":2,"featured_media":0,"parent":0,"menu_order":0,"comment_status":"closed","ping_status":"closed","template":"","meta":{"footnotes":""},"class_list":["post-1173","page","type-page","status-publish","hentry"],"_links":{"self":[{"href":"https:\/\/www.medicalopenworld.org\/en\/wp-json\/wp\/v2\/pages\/1173","targetHints":{"allow":["GET"]}}],"collection":[{"href":"https:\/\/www.medicalopenworld.org\/en\/wp-json\/wp\/v2\/pages"}],"about":[{"href":"https:\/\/www.medicalopenworld.org\/en\/wp-json\/wp\/v2\/types\/page"}],"author":[{"embeddable":true,"href":"https:\/\/www.medicalopenworld.org\/en\/wp-json\/wp\/v2\/users\/2"}],"replies":[{"embeddable":true,"href":"https:\/\/www.medicalopenworld.org\/en\/wp-json\/wp\/v2\/comments?post=1173"}],"version-history":[{"count":64,"href":"https:\/\/www.medicalopenworld.org\/en\/wp-json\/wp\/v2\/pages\/1173\/revisions"}],"predecessor-version":[{"id":1285,"href":"https:\/\/www.medicalopenworld.org\/en\/wp-json\/wp\/v2\/pages\/1173\/revisions\/1285"}],"wp:attachment":[{"href":"https:\/\/www.medicalopenworld.org\/en\/wp-json\/wp\/v2\/media?parent=1173"}],"curies":[{"name":"wp","href":"https:\/\/api.w.org\/{rel}","templated":true}]}}